{"id":100,"date":"2023-10-20T20:58:20","date_gmt":"2023-10-20T20:58:20","guid":{"rendered":"https:\/\/hotel2.dev.local\/?page_id=100"},"modified":"2023-10-20T20:58:20","modified_gmt":"2023-10-20T20:58:20","slug":"termos-e-condicoes","status":"publish","type":"page","link":"https:\/\/corvosecadavais.pt\/en\/termos-e-condicoes\/","title":{"rendered":"Termos e Condi\u00e7\u00f5es\u00a0"},"content":{"rendered":"<h2 class=\"wp-block-heading\"><strong>Reservas e hdsaundsnd<\/strong>\u00a0<\/h2>\n\n\n\n<p>Ao fazer uma reserva connosco, o concorda em cumprir e aceitar os termos e condi\u00e7\u00f5es apresentados.&nbsp;<\/p>\n\n\n\n<p>O pagamento deve ser feito no momento da reserva:&nbsp;<\/p>\n\n\n\n<ul class=\"wp-block-list\">\n<li>Pagamento de 50% do valor total da estadia no momento da reserva ou a totalidade do valor da reserva;&nbsp;<\/li>\n\n\n\n<li>Pagamento dos restantes 50% no momento do check-in.&nbsp;<\/li>\n<\/ul>\n\n\n\n<p>Caso pretenda adicionar uma cama extra, ser\u00e1 cobrado o valor de 20\u20ac\/dia.&nbsp;<\/p>\n\n\n\n<p>Os pagamentos da reserva s\u00e3o feitos atrav\u00e9s de transfer\u00eancia banc\u00e1ria (o comprovativo dever\u00e1 ser enviado para o e-mail <a href=\"mailto:info@corvosecadavais.pt\" target=\"_blank\" rel=\"noreferrer noopener\">info@corvosecadavais.pt<\/a> para podermos confirmar a reserva):&nbsp;<\/p>\n\n\n\n<ul class=\"wp-block-list\">\n<li>Nome: Dina Ven\u00e2ncio Unipessoal, Lda&nbsp;<\/li>\n<\/ul>\n\n\n\n<ul class=\"wp-block-list\">\n<li>IBAN: PT50 0035 0066 0001 1537 5302 6&nbsp;<\/li>\n\n\n\n<li>BIC\/SWIFT: CGDIPTPL&nbsp;<\/li>\n<\/ul>\n\n\n\n<p><strong>Nota<\/strong>: o pagamento e o envio do respetivo comprovativo dever\u00e3o ser efetuados at\u00e9 24 horas ap\u00f3s a confirma\u00e7\u00e3o da reserva, sob pena da reserva ser anulada.&nbsp;<\/p>\n\n\n\n<h2 class=\"wp-block-heading\"><strong>Pol\u00edtica de Cancelamento<\/strong>\u00a0<\/h2>\n\n\n\n<p>A nossa pol\u00edtica de cancelamento \u00e9 a seguinte:&nbsp;<\/p>\n\n\n\n<ul class=\"wp-block-list\">\n<li>Cancelamentos de reserva at\u00e9 72h ser\u00e1 feito o reembolso total;&nbsp;<\/li>\n\n\n\n<li>Cancelamentos de reserva at\u00e9 24h ser\u00e1 cobrado 50% do valor j\u00e1 efetuado reserva. Caso tenho efetuado o pagamento total da reserva, ser\u00e1 cobrado 25% do valor;&nbsp;<\/li>\n\n\n\n<li>Cancelamentos tardios ou n\u00e3o compar\u00eancia, resultam na perda total do valor da reserva.&nbsp;<\/li>\n<\/ul>\n\n\n\n<p>O pedido de cancelamento dever\u00e1 ser enviado atrav\u00e9s de correio eletr\u00f3nico para <a href=\"mailto:info@corvosecadavais.pt\" target=\"_blank\" rel=\"noreferrer noopener\">info@corvosecadavais.pt<\/a>.&nbsp;<\/p>\n\n\n\n<h2 class=\"wp-block-heading\"><strong>Check-in e Check-out<\/strong>\u00a0<\/h2>\n\n\n\n<p>O check-in funciona entre as 15h00 e as 22h00 e o check-out entre as 9h00 e 12h00.&nbsp;<\/p>\n\n\n\n<p>Caso n\u00e3o seja poss\u00edvel dentro destes hor\u00e1rios, pedimos que nos informe, atrav\u00e9s do e-mail <a href=\"mailto:info@corvosecadavais.pt\" target=\"_blank\" rel=\"noreferrer noopener\">info@corvosecadavais.pt<\/a> para conseguirmos a melhor solu\u00e7\u00e3o.&nbsp;<\/p>\n\n\n\n<h2 class=\"wp-block-heading\"><strong>Normas de Conduta<\/strong>\u00a0<\/h2>\n\n\n\n<p>Exigimos que todos os h\u00f3spedes cumpram as regras e regulamentos locais e respeitem os direitos dos vizinhos. Comportamento inadequado ou perturbador n\u00e3o ser\u00e1 tolerado, e reservamos o direito de rescindir o contrato e pedir que os h\u00f3spedes desocupem o alojamento sem reembolso.\u00a0<\/p>\n\n\n\n<h2 class=\"wp-block-heading\"><strong>Danos e Responsabilidades<\/strong>\u00a0<\/h2>\n\n\n\n<p>Os h\u00f3spedes s\u00e3o respons\u00e1veis por quaisquer danos causados ao alojamento ou \u00e0 propriedade durante a sua estadia. Os custos de repara\u00e7\u00e3o ou substitui\u00e7\u00e3o ser\u00e3o cobrados.\u00a0<\/p>\n\n\n\n<h2 class=\"wp-block-heading\"><strong>Seguran\u00e7a e Condi\u00e7\u00f5es Gerais<\/strong>\u00a0<\/h2>\n\n\n\n<p>\u00c9 proibido fumar nas instala\u00e7\u00f5es. O n\u00e3o cumprimento desta regra pode resultar em uma taxa de limpeza adicional.&nbsp;<\/p>\n\n\n\n<p>Animais de estima\u00e7\u00e3o podem ser permitidos mediante solicita\u00e7\u00e3o pr\u00e9via e pagamento de uma taxa adicional.&nbsp;<\/p>\n\n\n\n<p>O n\u00famero de h\u00f3spedes n\u00e3o deve exceder a capacidade m\u00e1xima do alojamento, conforme indicado na reserva.&nbsp;<\/p>\n\n\n\n<p>Pedimos que mantenha o seu quarto sempre fechado \u00e0 porta, sempre que se ausentar ou quando for descansar. Por favor, esteja ciente que a perda ou estrago dos seus pertences ou de qualquer outro objeto da propriedade do alojamento em que esteja o seu quarto ser\u00e1 da sua responsabilidade.&nbsp;&nbsp;&nbsp;<\/p>\n\n\n\n<h2 class=\"wp-block-heading\"><strong>Oficina de Repara\u00e7\u00e3o de Bicicletas<\/strong>&nbsp;<\/h2>\n\n\n\n<p>Temos dispon\u00edvel o acesso a uma oficina de repara\u00e7\u00e3o de bicicletas, localizada nas instala\u00e7\u00f5es do alojamento. Esta oficina \u00e9 destinada exclusivamente \u00e0 manuten\u00e7\u00e3o e repara\u00e7\u00e3o de bicicletas.&nbsp;<\/p>\n\n\n\n<p>Os h\u00f3spedes que desejam utilizar a oficina de repara\u00e7\u00e3o de bicicletas devem faz\u00ea-lo de forma respons\u00e1vel e cumprir todas as regras de seguran\u00e7a aplic\u00e1veis.&nbsp;<\/p>\n\n\n\n<p>Quaisquer danos causados \u00e0s ferramentas, equipamentos ou instala\u00e7\u00f5es da oficina de repara\u00e7\u00e3o de bicicletas ser\u00e3o de responsabilidade do h\u00f3spede, e os custos de repara\u00e7\u00e3o ou substitui\u00e7\u00e3o ser\u00e3o cobrados.&nbsp;<\/p>\n\n\n\n<p>A oficina est\u00e1 sujeita \u00e0 disponibilidade e pode ser usada mediante comunica\u00e7\u00e3o pr\u00e9via com a nossa equipa.&nbsp;&nbsp;<\/p>\n\n\n\n<h2 class=\"wp-block-heading\"><strong>Reclama\u00e7\u00f5es e Suporte<\/strong>&nbsp;<\/h2>\n\n\n\n<p>Estamos empenhados em fornecer a melhor experi\u00eancia poss\u00edvel aos nossos h\u00f3spedes. Se houver algum problema durante a estadia, entre em contato connosco imediatamente para que possamos resolver a situa\u00e7\u00e3o da melhor forma poss\u00edvel.&nbsp;<\/p>\n\n\n\n<h2 class=\"wp-block-heading\"><strong>Altera\u00e7\u00f5es nos Termos e Condi\u00e7\u00f5es<\/strong>&nbsp;<\/h2>\n\n\n\n<p>Reservamo-nos o direito de fazer altera\u00e7\u00f5es aos Termos e Condi\u00e7\u00f5es a qualquer momento. As altera\u00e7\u00f5es entrar\u00e3o em vigor ap\u00f3s a sua publica\u00e7\u00e3o no nosso site.&nbsp;<\/p>\n\n\n\n<p>Estes termos e condi\u00e7\u00f5es constituem o acordo integral entre o h\u00f3spede e a CORVOS E CADAVAIS e regem a rela\u00e7\u00e3o entre as partes.&nbsp;<\/p>","protected":false},"excerpt":{"rendered":"<p>Reservas e Pagamento\u00a0 Ao fazer uma reserva connosco, o concorda em cumprir e aceitar os termos e condi\u00e7\u00f5es apresentados.&nbsp; O pagamento deve ser feito no momento da reserva:&nbsp; Caso pretenda adicionar uma cama extra, ser\u00e1 cobrado o valor de 20\u20ac\/dia.&nbsp; Os pagamentos da reserva s\u00e3o feitos atrav\u00e9s de transfer\u00eancia banc\u00e1ria (o comprovativo dever\u00e1 ser enviado [&hellip;]<\/p>","protected":false},"author":1,"featured_media":0,"parent":0,"menu_order":0,"comment_status":"closed","ping_status":"closed","template":"","meta":{"footnotes":""},"class_list":["post-100","page","type-page","status-publish","hentry"],"_links":{"self":[{"href":"https:\/\/corvosecadavais.pt\/en\/wp-json\/wp\/v2\/pages\/100","targetHints":{"allow":["GET"]}}],"collection":[{"href":"https:\/\/corvosecadavais.pt\/en\/wp-json\/wp\/v2\/pages"}],"about":[{"href":"https:\/\/corvosecadavais.pt\/en\/wp-json\/wp\/v2\/types\/page"}],"author":[{"embeddable":true,"href":"https:\/\/corvosecadavais.pt\/en\/wp-json\/wp\/v2\/users\/1"}],"replies":[{"embeddable":true,"href":"https:\/\/corvosecadavais.pt\/en\/wp-json\/wp\/v2\/comments?post=100"}],"version-history":[{"count":1,"href":"https:\/\/corvosecadavais.pt\/en\/wp-json\/wp\/v2\/pages\/100\/revisions"}],"predecessor-version":[{"id":101,"href":"https:\/\/corvosecadavais.pt\/en\/wp-json\/wp\/v2\/pages\/100\/revisions\/101"}],"wp:attachment":[{"href":"https:\/\/corvosecadavais.pt\/en\/wp-json\/wp\/v2\/media?parent=100"}],"curies":[{"name":"wp","href":"https:\/\/api.w.org\/{rel}","templated":true}]}}