{"id":105,"date":"2023-10-20T21:01:20","date_gmt":"2023-10-20T21:01:20","guid":{"rendered":"https:\/\/hotel2.dev.local\/?page_id=105"},"modified":"2023-10-30T08:01:49","modified_gmt":"2023-10-30T08:01:49","slug":"sobre","status":"publish","type":"page","link":"https:\/\/corvosecadavais.pt\/en\/sobre\/","title":{"rendered":"As nossas comodidades"},"content":{"rendered":"<div class=\"wp-block-columns alignwide is-layout-flex wp-container-core-columns-is-layout-8ed09d6d wp-block-columns-is-layout-flex\" style=\"padding-bottom:80px\">\n<div class=\"wp-block-column is-layout-flow wp-block-column-is-layout-flow\">\n<h4 class=\"wp-block-heading\"><strong>O seu ref\u00fagio particular em Almod\u00f4var<\/strong>&nbsp;<\/h4>\n\n\n\n<p>Uma casa familiar, com todas as comodidades a pensar no bem estar de quem nos visita, integrada na bela paisagem alentejana. A casa e a sua envolvente, assim como tudo o que \u00e9 disponibilizado a quem visita, \u00e9 pensado ao pormenor para que a sua estadia seja de plena satisfa\u00e7\u00e3o. A partilha \u00e9 a palavra de ordem. Pode usufruir da nossa cozinha para confecionar as suas refei\u00e7\u00f5es ou partilhar com outros h\u00f3spedes.&nbsp;<\/p>\n<\/div>\n\n\n\n<div class=\"wp-block-column is-layout-flow wp-block-column-is-layout-flow\">\n<h4 class=\"wp-block-heading\"><strong>Um espa\u00e7o envolvente amplo e um alpendre para desfrutar da paisagem<\/strong>&nbsp;<\/h4>\n\n\n\n<p>No exterior pode encontrar um forno tradicional e um churrasqueira para cozinhar ao ar livre. Temos ainda \u00e0 disposi\u00e7\u00e3o um parque de estacionamento, uma barragem, um tanque de \u00e1gua, onde pode aproveitar para relaxar. Dispomos tamb\u00e9m de um espa\u00e7o dedicado para o seu animal de estima\u00e7\u00e3o (servi\u00e7o com um custo adicional). Tamb\u00e9m pode usufruir de um passeio de bicicletas pelas redondezas nas nossas bicicletas de forma gratuita.&nbsp;<\/p>\n<\/div>\n\n\n\n<div class=\"wp-block-column is-layout-flow wp-block-column-is-layout-flow\">\n<h4 class=\"wp-block-heading\"><strong>Localiza\u00e7\u00e3o privilegiada e para qualquer meio de transporte<\/strong>&nbsp;<\/h4>\n\n\n\n<p>Estamos localizados na m\u00edtica N2, tamb\u00e9m conhecida por Estrada Nacional 2, uma estrada que atravessa Portugal de Norte a Sul a mais longa da\u202fEuropa\u202fe a terceira\u202fmaior\u202fdo mundo. Estamos tamb\u00e9m a 15 minutos de Minas Neves Corvo, em Castro Verde, perto da A2 e a 45 minutos da costa Algarvia. Se estiver de bicicleta, aqui pode deix\u00e1-la segura. O espa\u00e7o dedicado \u00e0s bicicletas \u00e9 fechado e com v\u00eddeo vigil\u00e2ncia.&nbsp;<\/p>\n<\/div>\n<\/div>\n\n\n\n<div class=\"wp-block-columns is-layout-flex wp-container-core-columns-is-layout-28f84493 wp-block-columns-is-layout-flex\">\n<div class=\"wp-block-column is-layout-flow wp-block-column-is-layout-flow\">\n<figure class=\"wp-block-image size-large\"><img loading=\"lazy\" decoding=\"async\" width=\"1024\" height=\"676\" src=\"https:\/\/corvosecadavais.pt\/wp-content\/uploads\/2023\/10\/12-1024x676.png\" alt=\"\" class=\"wp-image-151\" srcset=\"https:\/\/corvosecadavais.pt\/wp-content\/uploads\/2023\/10\/12-1024x676.png 1024w, https:\/\/corvosecadavais.pt\/wp-content\/uploads\/2023\/10\/12-300x198.png 300w, https:\/\/corvosecadavais.pt\/wp-content\/uploads\/2023\/10\/12-768x507.png 768w, https:\/\/corvosecadavais.pt\/wp-content\/uploads\/2023\/10\/12.png 1441w\" sizes=\"auto, (max-width: 1024px) 100vw, 1024px\" \/><\/figure>\n<\/div>\n\n\n\n<div class=\"wp-block-column is-vertically-aligned-center is-layout-flow wp-block-column-is-layout-flow\">\n<h2 class=\"wp-block-heading\" style=\"padding-top:0;padding-bottom:0\">Uma experi\u00eancia relaxante num ambiente natural, familiar e acolhedor.<\/h2>\n\n\n\n<div class=\"wp-block-group is-content-justification-right is-nowrap is-layout-flex wp-container-core-group-is-layout-3730b9a9 wp-block-group-is-layout-flex\" style=\"min-height:0px\">\n<p class=\"has-text-align-right\" style=\"text-decoration:none\"><a href=\"https:\/\/corvosecadavais.pt\/en\/contacte-nos\/\" data-type=\"page\" data-id=\"174\">Contacte-nos<\/a>  <\/p>\n\n\n\n<div class=\"wp-block-outermost-icon-block items-justified-center\"><div class=\"icon-container\" style=\"width:8px\"><svg width=\"9\" height=\"15\" viewbox=\"0 0 9 15\" fill=\"none\" xmlns=\"http:\/\/www.w3.org\/2000\/svg\"><g id=\"\u00f0\u0178\u00a6\u2020 icon &quot;chevron right&quot;\"><path id=\"Vector\" d=\"M0.570252 14.207C0.365195 14.0193 0.25 13.7647 0.25 13.4993C0.25 13.2339 0.365195 12.9794 0.570252 12.7917L6.35978 7.49396L0.570252 2.19623C0.371006 2.00746 0.260757 1.75463 0.263249 1.4922C0.265741 1.22977 0.380775 0.978729 0.583576 0.793155C0.786377 0.607581 1.06072 0.502318 1.34751 0.500038C1.6343 0.497757 1.9106 0.598642 2.1169 0.780963L8.67975 6.78633C8.88481 6.97402 9 7.22856 9 7.49396C9 7.75936 8.88481 8.01389 8.67975 8.20159L2.1169 14.207C1.91178 14.3946 1.63361 14.5 1.34357 14.5C1.05354 14.5 0.775372 14.3946 0.570252 14.207Z\" fill=\"#191919\"><\/path><\/g><\/svg><\/div><\/div>\n<\/div>\n<\/div>\n<\/div>\n\n\n            <div class='swiper interior-simple-slider alignfull'>\r\n                <div class='swiper-wrapper'>\r\n                                            <div class='slider-item swiper-slide'>\r\n                            <a href='https:\/\/corvosecadavais.pt\/wp-content\/uploads\/2023\/10\/06.png'>\r\n                                <div class='slider-item-image'>\r\n                                    <img loading=\"lazy\" decoding=\"async\" width=\"951\" height=\"1441\" src=\"https:\/\/corvosecadavais.pt\/wp-content\/uploads\/2023\/10\/06.png\" class=\"attachment-full size-full\" alt=\"\" srcset=\"https:\/\/corvosecadavais.pt\/wp-content\/uploads\/2023\/10\/06.png 951w, https:\/\/corvosecadavais.pt\/wp-content\/uploads\/2023\/10\/06-198x300.png 198w, https:\/\/corvosecadavais.pt\/wp-content\/uploads\/2023\/10\/06-676x1024.png 676w, https:\/\/corvosecadavais.pt\/wp-content\/uploads\/2023\/10\/06-768x1164.png 768w\" sizes=\"auto, (max-width: 951px) 100vw, 951px\" \/>                                <\/div>\r\n                            <\/a>\r\n                        <\/div>\r\n                                            <div class='slider-item swiper-slide'>\r\n                            <a href='https:\/\/corvosecadavais.pt\/wp-content\/uploads\/2023\/10\/05.png'>\r\n                                <div class='slider-item-image'>\r\n                                    <img loading=\"lazy\" decoding=\"async\" width=\"950\" height=\"1441\" src=\"https:\/\/corvosecadavais.pt\/wp-content\/uploads\/2023\/10\/05.png\" class=\"attachment-full size-full\" alt=\"\" srcset=\"https:\/\/corvosecadavais.pt\/wp-content\/uploads\/2023\/10\/05.png 950w, https:\/\/corvosecadavais.pt\/wp-content\/uploads\/2023\/10\/05-198x300.png 198w, https:\/\/corvosecadavais.pt\/wp-content\/uploads\/2023\/10\/05-675x1024.png 675w, https:\/\/corvosecadavais.pt\/wp-content\/uploads\/2023\/10\/05-768x1165.png 768w\" sizes=\"auto, (max-width: 950px) 100vw, 950px\" \/>                                <\/div>\r\n                            <\/a>\r\n                        <\/div>\r\n                                            <div class='slider-item swiper-slide'>\r\n                            <a href='https:\/\/corvosecadavais.pt\/wp-content\/uploads\/2023\/10\/03_3.png'>\r\n                                <div class='slider-item-image'>\r\n                                    <img loading=\"lazy\" decoding=\"async\" width=\"1440\" height=\"951\" src=\"https:\/\/corvosecadavais.pt\/wp-content\/uploads\/2023\/10\/03_3.png\" class=\"attachment-full size-full\" alt=\"\" srcset=\"https:\/\/corvosecadavais.pt\/wp-content\/uploads\/2023\/10\/03_3.png 1440w, https:\/\/corvosecadavais.pt\/wp-content\/uploads\/2023\/10\/03_3-300x198.png 300w, https:\/\/corvosecadavais.pt\/wp-content\/uploads\/2023\/10\/03_3-1024x676.png 1024w, https:\/\/corvosecadavais.pt\/wp-content\/uploads\/2023\/10\/03_3-768x507.png 768w\" sizes=\"auto, (max-width: 1440px) 100vw, 1440px\" \/>                                <\/div>\r\n                            <\/a>\r\n                        <\/div>\r\n                                            <div class='slider-item swiper-slide'>\r\n                            <a href='https:\/\/corvosecadavais.pt\/wp-content\/uploads\/2023\/10\/01_9.png'>\r\n                                <div class='slider-item-image'>\r\n                                    <img loading=\"lazy\" decoding=\"async\" width=\"1441\" height=\"951\" src=\"https:\/\/corvosecadavais.pt\/wp-content\/uploads\/2023\/10\/01_9.png\" class=\"attachment-full size-full\" alt=\"\" srcset=\"https:\/\/corvosecadavais.pt\/wp-content\/uploads\/2023\/10\/01_9.png 1441w, https:\/\/corvosecadavais.pt\/wp-content\/uploads\/2023\/10\/01_9-300x198.png 300w, https:\/\/corvosecadavais.pt\/wp-content\/uploads\/2023\/10\/01_9-1024x676.png 1024w, https:\/\/corvosecadavais.pt\/wp-content\/uploads\/2023\/10\/01_9-768x507.png 768w\" sizes=\"auto, (max-width: 1441px) 100vw, 1441px\" \/>                                <\/div>\r\n                            <\/a>\r\n                        <\/div>\r\n                                            <div class='slider-item swiper-slide'>\r\n                            <a href='https:\/\/corvosecadavais.pt\/wp-content\/uploads\/2023\/10\/09.png'>\r\n                                <div class='slider-item-image'>\r\n                                    <img loading=\"lazy\" decoding=\"async\" width=\"1441\" height=\"951\" src=\"https:\/\/corvosecadavais.pt\/wp-content\/uploads\/2023\/10\/09.png\" class=\"attachment-full size-full\" alt=\"\" srcset=\"https:\/\/corvosecadavais.pt\/wp-content\/uploads\/2023\/10\/09.png 1441w, https:\/\/corvosecadavais.pt\/wp-content\/uploads\/2023\/10\/09-300x198.png 300w, https:\/\/corvosecadavais.pt\/wp-content\/uploads\/2023\/10\/09-1024x676.png 1024w, https:\/\/corvosecadavais.pt\/wp-content\/uploads\/2023\/10\/09-768x507.png 768w\" sizes=\"auto, (max-width: 1441px) 100vw, 1441px\" \/>                                <\/div>\r\n                            <\/a>\r\n                        <\/div>\r\n                                            <div class='slider-item swiper-slide'>\r\n                            <a href='https:\/\/corvosecadavais.pt\/wp-content\/uploads\/2023\/10\/12.png'>\r\n                                <div class='slider-item-image'>\r\n                                    <img loading=\"lazy\" decoding=\"async\" width=\"1441\" height=\"951\" src=\"https:\/\/corvosecadavais.pt\/wp-content\/uploads\/2023\/10\/12.png\" class=\"attachment-full size-full\" alt=\"\" srcset=\"https:\/\/corvosecadavais.pt\/wp-content\/uploads\/2023\/10\/12.png 1441w, https:\/\/corvosecadavais.pt\/wp-content\/uploads\/2023\/10\/12-300x198.png 300w, https:\/\/corvosecadavais.pt\/wp-content\/uploads\/2023\/10\/12-1024x676.png 1024w, https:\/\/corvosecadavais.pt\/wp-content\/uploads\/2023\/10\/12-768x507.png 768w\" sizes=\"auto, (max-width: 1441px) 100vw, 1441px\" \/>                                <\/div>\r\n                            <\/a>\r\n                        <\/div>\r\n                                    <\/div>\r\n            <\/div>","protected":false},"excerpt":{"rendered":"<p>O seu ref\u00fagio particular em Almod\u00f4var&nbsp; Uma casa familiar, com todas as comodidades a pensar no bem estar de quem nos visita, integrada na bela paisagem alentejana. A casa e a sua envolvente, assim como tudo o que \u00e9 disponibilizado a quem visita, \u00e9 pensado ao pormenor para que a sua estadia seja de plena [&hellip;]<\/p>","protected":false},"author":1,"featured_media":144,"parent":0,"menu_order":0,"comment_status":"closed","ping_status":"closed","template":"","meta":{"footnotes":""},"class_list":["post-105","page","type-page","status-publish","has-post-thumbnail","hentry"],"_links":{"self":[{"href":"https:\/\/corvosecadavais.pt\/en\/wp-json\/wp\/v2\/pages\/105","targetHints":{"allow":["GET"]}}],"collection":[{"href":"https:\/\/corvosecadavais.pt\/en\/wp-json\/wp\/v2\/pages"}],"about":[{"href":"https:\/\/corvosecadavais.pt\/en\/wp-json\/wp\/v2\/types\/page"}],"author":[{"embeddable":true,"href":"https:\/\/corvosecadavais.pt\/en\/wp-json\/wp\/v2\/users\/1"}],"replies":[{"embeddable":true,"href":"https:\/\/corvosecadavais.pt\/en\/wp-json\/wp\/v2\/comments?post=105"}],"version-history":[{"count":16,"href":"https:\/\/corvosecadavais.pt\/en\/wp-json\/wp\/v2\/pages\/105\/revisions"}],"predecessor-version":[{"id":393,"href":"https:\/\/corvosecadavais.pt\/en\/wp-json\/wp\/v2\/pages\/105\/revisions\/393"}],"wp:featuredmedia":[{"embeddable":true,"href":"https:\/\/corvosecadavais.pt\/en\/wp-json\/wp\/v2\/media\/144"}],"wp:attachment":[{"href":"https:\/\/corvosecadavais.pt\/en\/wp-json\/wp\/v2\/media?parent=105"}],"curies":[{"name":"wp","href":"https:\/\/api.w.org\/{rel}","templated":true}]}}