{"id":107,"date":"2023-10-20T21:01:40","date_gmt":"2023-10-20T21:01:40","guid":{"rendered":"https:\/\/hotel2.dev.local\/?page_id=107"},"modified":"2023-10-29T23:06:50","modified_gmt":"2023-10-29T23:06:50","slug":"experiencias","status":"publish","type":"page","link":"https:\/\/corvosecadavais.pt\/en\/experiencias\/","title":{"rendered":"Experi\u00eancias"},"content":{"rendered":"<div class=\"wp-block-group is-layout-flow wp-block-group-is-layout-flow\" style=\"margin-top:1.5rem;margin-bottom:1.5rem\">            <div class='info-card-block row normal'>\r\n                <div class=\"info-card-block-image-wrapper col-12 col-lg-6\">\r\n                    <div class=\"info-card-block-image\">\r\n                        <img loading=\"lazy\" decoding=\"async\" width=\"2560\" height=\"1707\" src=\"https:\/\/corvosecadavais.pt\/wp-content\/uploads\/2023\/10\/Miradouro_da_Ermida_de_Sto._Amaro_-_Almodovar_-_Portugal_3784739888-scaled.jpg\" class=\"attachment-full size-full\" alt=\"\" srcset=\"https:\/\/corvosecadavais.pt\/wp-content\/uploads\/2023\/10\/Miradouro_da_Ermida_de_Sto._Amaro_-_Almodovar_-_Portugal_3784739888-scaled.jpg 2560w, https:\/\/corvosecadavais.pt\/wp-content\/uploads\/2023\/10\/Miradouro_da_Ermida_de_Sto._Amaro_-_Almodovar_-_Portugal_3784739888-300x200.jpg 300w, https:\/\/corvosecadavais.pt\/wp-content\/uploads\/2023\/10\/Miradouro_da_Ermida_de_Sto._Amaro_-_Almodovar_-_Portugal_3784739888-1024x683.jpg 1024w, https:\/\/corvosecadavais.pt\/wp-content\/uploads\/2023\/10\/Miradouro_da_Ermida_de_Sto._Amaro_-_Almodovar_-_Portugal_3784739888-768x512.jpg 768w, https:\/\/corvosecadavais.pt\/wp-content\/uploads\/2023\/10\/Miradouro_da_Ermida_de_Sto._Amaro_-_Almodovar_-_Portugal_3784739888-1536x1024.jpg 1536w, https:\/\/corvosecadavais.pt\/wp-content\/uploads\/2023\/10\/Miradouro_da_Ermida_de_Sto._Amaro_-_Almodovar_-_Portugal_3784739888-2048x1365.jpg 2048w, https:\/\/corvosecadavais.pt\/wp-content\/uploads\/2023\/10\/Miradouro_da_Ermida_de_Sto._Amaro_-_Almodovar_-_Portugal_3784739888-18x12.jpg 18w\" sizes=\"auto, (max-width: 2560px) 100vw, 2560px\" \/>                    <\/div>\r\n                    <div class=\"info-card-block-info-image-desc\">\r\n                        <div class=\"info-card-block-info-image-desc-inner Details\">\r\n                            3 km | Miradouro da Ermida de Sto. Amaro                        <\/div>\r\n                    <\/div>\r\n                <\/div>\r\n                <div class=\"info-card-block-info-wrapper col-12 col-lg-6\">\r\n                    <h4 class=\"info-card-block-info-title\">\r\n                        Miradouro da Ermida de Sto. Amaro                    <\/h4>\r\n                    <div class=\"info-card-block-info-subtitle Details\">\r\n                        Redondeza                    <\/div>\r\n                    <div class=\"info-card-block-info-content Body\">\r\n                        Estando num ponto mais elevado, tem uma excelente paisagem sobre a vila e toda a regi\u00e3o em redor.                     <\/div>\r\n                <\/div>\r\n            <\/div>\r\n        <\/div>\n\n\n\n<hr class=\"wp-block-separator has-alpha-channel-opacity is-style-wide\"\/>\n\n\n\n<div class=\"wp-block-columns is-layout-flex wp-container-core-columns-is-layout-11e6d7ea wp-block-columns-is-layout-flex\" style=\"margin-top:1.5rem;margin-bottom:1.5rem\">\n<div class=\"wp-block-column is-layout-flow wp-block-column-is-layout-flow\">            <div class='info-card-block row vertical'>\r\n                <div class=\"info-card-block-image-wrapper col-12\">\r\n                    <div class=\"info-card-block-image\">\r\n                        <img loading=\"lazy\" decoding=\"async\" width=\"1920\" height=\"1447\" src=\"https:\/\/corvosecadavais.pt\/wp-content\/uploads\/2023\/10\/1be42e0fac97a03b2853e659d2d454bd.jpg\" class=\"attachment-full size-full\" alt=\"\" srcset=\"https:\/\/corvosecadavais.pt\/wp-content\/uploads\/2023\/10\/1be42e0fac97a03b2853e659d2d454bd.jpg 1920w, https:\/\/corvosecadavais.pt\/wp-content\/uploads\/2023\/10\/1be42e0fac97a03b2853e659d2d454bd-300x226.jpg 300w, https:\/\/corvosecadavais.pt\/wp-content\/uploads\/2023\/10\/1be42e0fac97a03b2853e659d2d454bd-1024x772.jpg 1024w, https:\/\/corvosecadavais.pt\/wp-content\/uploads\/2023\/10\/1be42e0fac97a03b2853e659d2d454bd-768x579.jpg 768w, https:\/\/corvosecadavais.pt\/wp-content\/uploads\/2023\/10\/1be42e0fac97a03b2853e659d2d454bd-1536x1158.jpg 1536w, https:\/\/corvosecadavais.pt\/wp-content\/uploads\/2023\/10\/1be42e0fac97a03b2853e659d2d454bd-16x12.jpg 16w\" sizes=\"auto, (max-width: 1920px) 100vw, 1920px\" \/>                    <\/div>\r\n                    <div class=\"info-card-block-info-image-desc\">\r\n                        <div class=\"info-card-block-info-image-desc-inner Details\">\r\n                            1,3 km | Igreja Matriz de Santo Ildefonso                        <\/div>\r\n                    <\/div>\r\n                <\/div>\r\n                <div class=\"info-card-block-info-wrapper col-12\">\r\n                    <h4 class=\"info-card-block-info-title\">\r\n                        Igreja Matriz de Almod\u00f4var                    <\/h4>\r\n                    <div class=\"info-card-block-info-subtitle Details\">\r\n                        Redondeza                    <\/div>\r\n                    <div class=\"info-card-block-info-content Body\">\r\n                        Esta imponente Igreja Matriz, tamb\u00e9m conhecida por Igreja Matriz de Santo Ildefonso, \u00e9 um exemplo not\u00e1vel da arquitetura religiosa local, com detalhes em pedra not\u00e1veis. Completa esta visita com a passagem pelo Convento de Nossa Senhora da Concei\u00e7\u00e3o                     <\/div>\r\n                <\/div>\r\n            <\/div>\r\n        <\/div>\n\n\n\n<div class=\"wp-block-column is-layout-flow wp-block-column-is-layout-flow\">            <div class='info-card-block row vertical'>\r\n                <div class=\"info-card-block-image-wrapper col-12\">\r\n                    <div class=\"info-card-block-image\">\r\n                        <img loading=\"lazy\" decoding=\"async\" width=\"1920\" height=\"1080\" src=\"https:\/\/corvosecadavais.pt\/wp-content\/uploads\/2023\/10\/25ecdad98a35f6b693dd7e661f198ff7.png\" class=\"attachment-full size-full\" alt=\"\" srcset=\"https:\/\/corvosecadavais.pt\/wp-content\/uploads\/2023\/10\/25ecdad98a35f6b693dd7e661f198ff7.png 1920w, https:\/\/corvosecadavais.pt\/wp-content\/uploads\/2023\/10\/25ecdad98a35f6b693dd7e661f198ff7-300x169.png 300w, https:\/\/corvosecadavais.pt\/wp-content\/uploads\/2023\/10\/25ecdad98a35f6b693dd7e661f198ff7-1024x576.png 1024w, https:\/\/corvosecadavais.pt\/wp-content\/uploads\/2023\/10\/25ecdad98a35f6b693dd7e661f198ff7-768x432.png 768w, https:\/\/corvosecadavais.pt\/wp-content\/uploads\/2023\/10\/25ecdad98a35f6b693dd7e661f198ff7-1536x864.png 1536w, https:\/\/corvosecadavais.pt\/wp-content\/uploads\/2023\/10\/25ecdad98a35f6b693dd7e661f198ff7-18x10.png 18w\" sizes=\"auto, (max-width: 1920px) 100vw, 1920px\" \/>                    <\/div>\r\n                    <div class=\"info-card-block-info-image-desc\">\r\n                        <div class=\"info-card-block-info-image-desc-inner Details\">\r\n                            1,2 km | Museu da Escrita do Sudoeste                        <\/div>\r\n                    <\/div>\r\n                <\/div>\r\n                <div class=\"info-card-block-info-wrapper col-12\">\r\n                    <h4 class=\"info-card-block-info-title\">\r\n                        Museu da Escrita do Sudoeste                    <\/h4>\r\n                    <div class=\"info-card-block-info-subtitle Details\">\r\n                        Redondeza                    <\/div>\r\n                    <div class=\"info-card-block-info-content Body\">\r\n                        Este museu \u00e9 dedicado \u00e0 escrita do sudoeste, uma forma de escrita pr\u00e9-romana que era usada na regi\u00e3o. o seu acervo remete aos povos que habitaram a regi\u00e3o h\u00e1 mais de 2.500 anos. Excelente oportunidade para explorar tamb\u00e9m a escrita mais antiga da Pen\u00ednsula Ib\u00e9rica.                     <\/div>\r\n                <\/div>\r\n            <\/div>\r\n        <\/div>\n\n\n\n<div class=\"wp-block-column is-layout-flow wp-block-column-is-layout-flow\">            <div class='info-card-block row vertical'>\r\n                <div class=\"info-card-block-image-wrapper col-12\">\r\n                    <div class=\"info-card-block-image\">\r\n                        <img loading=\"lazy\" decoding=\"async\" width=\"2560\" height=\"1811\" src=\"https:\/\/corvosecadavais.pt\/wp-content\/uploads\/2023\/10\/Santa_Clara__Saboia__Alentejo_-_Portugal_40750809073-scaled.jpg\" class=\"attachment-full size-full\" alt=\"\" srcset=\"https:\/\/corvosecadavais.pt\/wp-content\/uploads\/2023\/10\/Santa_Clara__Saboia__Alentejo_-_Portugal_40750809073-scaled.jpg 2560w, https:\/\/corvosecadavais.pt\/wp-content\/uploads\/2023\/10\/Santa_Clara__Saboia__Alentejo_-_Portugal_40750809073-300x212.jpg 300w, https:\/\/corvosecadavais.pt\/wp-content\/uploads\/2023\/10\/Santa_Clara__Saboia__Alentejo_-_Portugal_40750809073-1024x724.jpg 1024w, https:\/\/corvosecadavais.pt\/wp-content\/uploads\/2023\/10\/Santa_Clara__Saboia__Alentejo_-_Portugal_40750809073-768x543.jpg 768w, https:\/\/corvosecadavais.pt\/wp-content\/uploads\/2023\/10\/Santa_Clara__Saboia__Alentejo_-_Portugal_40750809073-1536x1087.jpg 1536w, https:\/\/corvosecadavais.pt\/wp-content\/uploads\/2023\/10\/Santa_Clara__Saboia__Alentejo_-_Portugal_40750809073-2048x1449.jpg 2048w, https:\/\/corvosecadavais.pt\/wp-content\/uploads\/2023\/10\/Santa_Clara__Saboia__Alentejo_-_Portugal_40750809073-18x12.jpg 18w\" sizes=\"auto, (max-width: 2560px) 100vw, 2560px\" \/>                    <\/div>\r\n                    <div class=\"info-card-block-info-image-desc\">\r\n                        <div class=\"info-card-block-info-image-desc-inner Details\">\r\n                            50 km | Barragem de Santa Clara                        <\/div>\r\n                    <\/div>\r\n                <\/div>\r\n                <div class=\"info-card-block-info-wrapper col-12\">\r\n                    <h4 class=\"info-card-block-info-title\">\r\n                        Barragem de Santa Clara                    <\/h4>\r\n                    <div class=\"info-card-block-info-subtitle Details\">\r\n                        Redondeza                    <\/div>\r\n                    <div class=\"info-card-block-info-content Body\">\r\n                        Localizada nas proximidades de Almod\u00f4var, a barragem oferece uma paisagem bel\u00edssima, com praia fluvial e atividades ao ar livre, como pesca e passeios de barco.                     <\/div>\r\n                <\/div>\r\n            <\/div>\r\n        <\/div>\n<\/div>\n\n\n\n<hr class=\"wp-block-separator has-alpha-channel-opacity is-style-wide\"\/>\n\n\n\n<div class=\"wp-block-group is-layout-flow wp-block-group-is-layout-flow\" style=\"margin-top:1.5rem;margin-bottom:1.5rem\">            <div class='info-card-block row reverse'>\r\n                <div class=\"info-card-block-image-wrapper col-12 col-lg-6\">\r\n                    <div class=\"info-card-block-image\">\r\n                        <img loading=\"lazy\" decoding=\"async\" width=\"1921\" height=\"2560\" src=\"https:\/\/corvosecadavais.pt\/wp-content\/uploads\/2023\/10\/federico-giampieri-R0lftflMYPw-unsplash-scaled.jpg\" class=\"attachment-full size-full\" alt=\"\" srcset=\"https:\/\/corvosecadavais.pt\/wp-content\/uploads\/2023\/10\/federico-giampieri-R0lftflMYPw-unsplash-scaled.jpg 1921w, https:\/\/corvosecadavais.pt\/wp-content\/uploads\/2023\/10\/federico-giampieri-R0lftflMYPw-unsplash-225x300.jpg 225w, https:\/\/corvosecadavais.pt\/wp-content\/uploads\/2023\/10\/federico-giampieri-R0lftflMYPw-unsplash-768x1023.jpg 768w, https:\/\/corvosecadavais.pt\/wp-content\/uploads\/2023\/10\/federico-giampieri-R0lftflMYPw-unsplash-1153x1536.jpg 1153w, https:\/\/corvosecadavais.pt\/wp-content\/uploads\/2023\/10\/federico-giampieri-R0lftflMYPw-unsplash-1537x2048.jpg 1537w, https:\/\/corvosecadavais.pt\/wp-content\/uploads\/2023\/10\/federico-giampieri-R0lftflMYPw-unsplash-9x12.jpg 9w\" sizes=\"auto, (max-width: 1921px) 100vw, 1921px\" \/>                    <\/div>\r\n                    <div class=\"info-card-block-info-image-desc\">\r\n                        <div class=\"info-card-block-info-image-desc-inner Details\">\r\n                            4 km | Barragem da Boavista                        <\/div>\r\n                    <\/div>\r\n                <\/div>\r\n                <div class=\"info-card-block-info-wrapper col-12 col-lg-6\">\r\n                    <h4 class=\"info-card-block-info-title\">\r\n                        Atividade de ca\u00e7a e pesca desportiva                    <\/h4>\r\n                    <div class=\"info-card-block-info-subtitle Details\">\r\n                        Redondeza                    <\/div>\r\n                    <div class=\"info-card-block-info-content Body\">\r\n                        Se a pesca e\/ou ca\u00e7a desportiva \u00e9 o que mais gosta, pode visitar a Barragem da Boavista (pesca desportiva), e os v\u00e1rios Coutos (ca\u00e7a) que existem na proximidade.                     <\/div>\r\n                <\/div>\r\n            <\/div>\r\n        <\/div>\n\n\n\n<hr class=\"wp-block-separator has-alpha-channel-opacity is-style-wide\"\/>\n\n\n\n<div class=\"wp-block-group is-layout-flow wp-block-group-is-layout-flow\" style=\"margin-top:1.5rem;margin-bottom:1.5rem\">            <div class='info-card-block row normal'>\r\n                <div class=\"info-card-block-image-wrapper col-12 col-lg-6\">\r\n                    <div class=\"info-card-block-image\">\r\n                        <img loading=\"lazy\" decoding=\"async\" width=\"920\" height=\"610\" src=\"https:\/\/corvosecadavais.pt\/wp-content\/uploads\/2023\/10\/200d742742d165042b8e5cec2434e638.jpg\" class=\"attachment-full size-full\" alt=\"\" srcset=\"https:\/\/corvosecadavais.pt\/wp-content\/uploads\/2023\/10\/200d742742d165042b8e5cec2434e638.jpg 920w, https:\/\/corvosecadavais.pt\/wp-content\/uploads\/2023\/10\/200d742742d165042b8e5cec2434e638-300x199.jpg 300w, https:\/\/corvosecadavais.pt\/wp-content\/uploads\/2023\/10\/200d742742d165042b8e5cec2434e638-768x509.jpg 768w, https:\/\/corvosecadavais.pt\/wp-content\/uploads\/2023\/10\/200d742742d165042b8e5cec2434e638-18x12.jpg 18w\" sizes=\"auto, (max-width: 920px) 100vw, 920px\" \/>                    <\/div>\r\n                    <div class=\"info-card-block-info-image-desc\">\r\n                        <div class=\"info-card-block-info-image-desc-inner Details\">\r\n                            13 km | Povoado Mesa dos Castelinhos                        <\/div>\r\n                    <\/div>\r\n                <\/div>\r\n                <div class=\"info-card-block-info-wrapper col-12 col-lg-6\">\r\n                    <h4 class=\"info-card-block-info-title\">\r\n                        Povoado Mesa dos Castelinhos + passadi\u00e7os                    <\/h4>\r\n                    <div class=\"info-card-block-info-subtitle Details\">\r\n                        Redondeza                    <\/div>\r\n                    <div class=\"info-card-block-info-content Body\">\r\n                        O primeiro povoamento entre a Idade do Ferro e a \u00e9poca romana e isl\u00e2mica. Local arqueol\u00f3gico onde se pode ver as ru\u00ednas das antigas civiliza\u00e7\u00f5es que por ali passaram. Este local conta com passadi\u00e7os que melhora os acessos para qualquer tipo de mobilidade.                     <\/div>\r\n                <\/div>\r\n            <\/div>\r\n        <\/div>\n\n\n            <div class='call-to-action-block alignfull'>\r\n                <a href='https:\/\/corvosecadavais.pt\/en\/contacte-nos\/' target='0'>\r\n                    <div class=\"call-to-action-block-image-wrapper\">\r\n                        <div class=\"call-to-action-block-image\" style=\"background: linear-gradient(0deg, rgba(0, 0, 0, 0.40) 0%, rgba(0, 0, 0, 0.40) 100%), url(https:\/\/corvosecadavais.pt\/wp-content\/uploads\/2023\/10\/15.png), lightgray 50% \/ cover no-repeat;\"><\/div>\r\n                    <\/div>\r\n                    <div class=\"call-to-action-block-wrapper\">\r\n                        <div class=\"call-to-action-block-inner\">\r\n                            <div class=\"call-to-action-block-title Heading03\">\r\n                                Quer marcar a sua estadia connosco?                            <\/div>\r\n                            <div class=\"call-to-action-block-subtitle Heading04\">\r\n                                Contacte-nos                            <\/div>\r\n                        <\/div>\r\n                        <div class='call-to-action-block-link-icon d-none d-md-block'>\r\n                            <svg width=\"24\" height=\"24\" viewbox=\"0 0 24 24\" fill=\"none\" xmlns=\"http:\/\/www.w3.org\/2000\/svg\">\n<g id=\"Group 9\">\n<path id=\"Vector\" d=\"M6.87154 6.40241C6.87159 6.10229 6.99083 5.81447 7.20305 5.60225C7.41527 5.39002 7.70309 5.27078 8.00322 5.27073L17.6073 5.27073C17.9074 5.27078 18.1952 5.39002 18.4075 5.60225C18.6197 5.81447 18.7389 6.10229 18.739 6.40241L18.739 16.0065C18.7338 16.3032 18.6123 16.5861 18.4006 16.7941C18.189 17.0021 17.9041 17.1187 17.6073 17.1187C17.3105 17.1187 17.0256 17.0021 16.8139 16.7941C16.6023 16.5861 16.4808 16.3032 16.4756 16.0065V9.13477L7.20288 18.4075C6.99062 18.6198 6.70273 18.739 6.40254 18.739C6.10236 18.739 5.81447 18.6198 5.6022 18.4075C5.38994 18.1952 5.27069 17.9073 5.27069 17.6072C5.27069 17.307 5.38994 17.0191 5.6022 16.8068L14.8749 7.53409L8.00322 7.53409C7.70309 7.53405 7.41527 7.4148 7.20305 7.20258C6.99083 6.99036 6.87159 6.70254 6.87154 6.40241Z\" fill=\"white\"\/>\n<\/g>\n<\/svg>\n                        <\/div>\r\n                    <\/div>\r\n                <\/a>\r\n            <\/div>","protected":false},"excerpt":{"rendered":"","protected":false},"author":1,"featured_media":0,"parent":0,"menu_order":0,"comment_status":"closed","ping_status":"closed","template":"","meta":{"footnotes":""},"class_list":["post-107","page","type-page","status-publish","hentry"],"_links":{"self":[{"href":"https:\/\/corvosecadavais.pt\/en\/wp-json\/wp\/v2\/pages\/107","targetHints":{"allow":["GET"]}}],"collection":[{"href":"https:\/\/corvosecadavais.pt\/en\/wp-json\/wp\/v2\/pages"}],"about":[{"href":"https:\/\/corvosecadavais.pt\/en\/wp-json\/wp\/v2\/types\/page"}],"author":[{"embeddable":true,"href":"https:\/\/corvosecadavais.pt\/en\/wp-json\/wp\/v2\/users\/1"}],"replies":[{"embeddable":true,"href":"https:\/\/corvosecadavais.pt\/en\/wp-json\/wp\/v2\/comments?post=107"}],"version-history":[{"count":14,"href":"https:\/\/corvosecadavais.pt\/en\/wp-json\/wp\/v2\/pages\/107\/revisions"}],"predecessor-version":[{"id":363,"href":"https:\/\/corvosecadavais.pt\/en\/wp-json\/wp\/v2\/pages\/107\/revisions\/363"}],"wp:attachment":[{"href":"https:\/\/corvosecadavais.pt\/en\/wp-json\/wp\/v2\/media?parent=107"}],"curies":[{"name":"wp","href":"https:\/\/api.w.org\/{rel}","templated":true}]}}