{"id":3,"date":"2023-09-29T22:00:14","date_gmt":"2023-09-29T22:00:14","guid":{"rendered":"https:\/\/hotel2.dev.local\/?page_id=3"},"modified":"2023-10-29T22:17:36","modified_gmt":"2023-10-29T22:17:36","slug":"politica-privacidade","status":"publish","type":"page","link":"https:\/\/corvosecadavais.pt\/en\/politica-privacidade\/","title":{"rendered":"Pol\u00edtica de privacidade"},"content":{"rendered":"<p>A Dina Ven\u00e2ncio Unipessoal, Lda (CORVOS E CADAVAIS) est\u00e1 comprometida com a prote\u00e7\u00e3o dos dados pessoais que lhe s\u00e3o confiados.&nbsp;<\/p>\n\n\n\n<p>Por esse motivo, toda a informa\u00e7\u00e3o de natureza pessoal \u00e9 tratada e protegida com toda a dilig\u00eancia, e sempre de acordo com a legisla\u00e7\u00e3o aplic\u00e1vel em mat\u00e9ria de prote\u00e7\u00e3o de dados (Lei n. \u00ba 58\/ 2019, de 08 de Agosto, Lei da Prote\u00e7\u00e3o de Dados Pessoais), que assegura a execu\u00e7\u00e3o, na ordem jur\u00eddica nacional, do Regulamento (UE) 2016\/679 do Parlamento e do Conselho, de 27 de abril de 2016.&nbsp;<\/p>\n\n\n\n<p>Esta pol\u00edtica de privacidade define como a CORVOS E CADAVAIS usa e protege todas as informa\u00e7\u00f5es que voc\u00ea d\u00e1 \u00e0 CORVOS E CADAVAIS. A CORVOS E CADAVAIS est\u00e1 constantemente empenhada em garantir que a sua privacidade est\u00e1 protegida.&nbsp;<\/p>\n\n\n\n<p>A CORVOS E CADAVAIS tratar\u00e1 os seus dados pessoais (tamb\u00e9m referidos nesta pol\u00edtica como \u201cinforma\u00e7\u00e3o\u201d) de acordo com os fins abaixo descritos. A CORVOS E CADAVAIS \u00e9 o respons\u00e1vel pelo tratamento de dados pessoais.&nbsp;<\/p>\n\n\n\n<p>Os seus dados pessoais ser\u00e3o objeto de tratamento apenas para as seguintes finalidades:&nbsp;<\/p>\n\n\n\n<h2 class=\"wp-block-heading\"><strong>Finalidade do tratamento<\/strong>&nbsp;<\/h2>\n\n\n\n<p>Os dados pessoais s\u00e3o recolhidos exclusivamente com as finalidades que se seguem:&nbsp;<\/p>\n\n\n\n<ul class=\"wp-block-list\">\n<li>Gerir as reservas realizadas e gest\u00e3o de pedidos;&nbsp;<\/li>\n\n\n\n<li>Gerir de contactos pelos meios dispon\u00edveis;&nbsp;<\/li>\n\n\n\n<li>Gerir a presta\u00e7\u00e3o dos servi\u00e7os contratados;&nbsp;<\/li>\n<\/ul>\n\n\n\n<h2 class=\"wp-block-heading\"><strong>Dados pessoais recolhidos<\/strong>&nbsp;<\/h2>\n\n\n\n<p>Os dados recolhidos limitam-se a: nome e apelidos, morada, n\u00ba telem\u00f3vel, n\u00ba de CC ou passaporte, endere\u00e7o correio eletr\u00f3nico, data de nascimento, sexo e nacionalidade. Quando aplic\u00e1vel o NIB.&nbsp;<\/p>\n\n\n\n<p>Para os casos em que houver o registo e\/ou acesso atrav\u00e9s de conta de terceiros, a CORVOS E CADAVAIS pode recolher e aceder a determinadas informa\u00e7\u00f5es do perfil do Utilizador da rede social correspondente, apenas para fins administrativos e para as finalidades mencionadas anteriormente.&nbsp;<\/p>\n\n\n\n<h2 class=\"wp-block-heading\"><strong>Per\u00edodo de Conserva\u00e7\u00e3o<\/strong>&nbsp;<\/h2>\n\n\n\n<p>Os dados pessoais recolhidos ser\u00e3o mantidos durante o tempo suficiente para cumprimento da sua finalidade e legal.&nbsp;<\/p>\n\n\n\n<h2 class=\"wp-block-heading\"><strong>Partilha de dados pessoais<\/strong>&nbsp;<\/h2>\n\n\n\n<p>A sua informa\u00e7\u00e3o pessoal pode ser divulgada com:&nbsp;<\/p>\n\n\n\n<ul class=\"wp-block-list\">\n<li>Fornecedores ou operadores tur\u00edsticos\/hoteleiros necess\u00e1rios para o correto cumprimento das obriga\u00e7\u00f5es legais e\/ou finalidades indicadas anteriormente;&nbsp;<\/li>\n\n\n\n<li>Entidades p\u00fablicas, nos casos previstos pela Lei;&nbsp;<\/li>\n\n\n\n<li>Os destinat\u00e1rios indicados nesta sec\u00e7\u00e3o podem estar localizados dentro ou fora do Espa\u00e7o Econ\u00f3mico Europeu. No \u00faltimo caso, as transfer\u00eancias internacionais de dados est\u00e3o devidamente legitimadas.&nbsp;<\/li>\n<\/ul>\n\n\n\n<h2 class=\"wp-block-heading\"><strong>Direitos dos titulares<\/strong>&nbsp;<\/h2>\n\n\n\n<p>Os direitos que o Regulamento Geral de Prote\u00e7\u00e3o de Dados confere aos titulares de dados relativamente aos dados que lhes respeitem e cujo respeito ser\u00e1 assegurado pela CORVOS E CADAVAIS na sua rela\u00e7\u00e3o consigo, na medida em que trate e conserve dados que lhe respeitem no \u00e2mbito da sua atividade.&nbsp;<\/p>\n\n\n\n<p>A qualquer momento, pode solicitar-nos:&nbsp;<\/p>\n\n\n\n<ul class=\"wp-block-list\">\n<li>O acesso aos seus dados pessoais;&nbsp;<\/li>\n\n\n\n<li>A retifica\u00e7\u00e3o da sua informa\u00e7\u00e3o pessoal;&nbsp;<\/li>\n\n\n\n<li>A oposi\u00e7\u00e3o, o apagamento ou a limita\u00e7\u00e3o do tratamento dos seus dados pessoais;&nbsp;<\/li>\n\n\n\n<li>A portabilidade dos dados pessoais anteriormente fornecidos, de forma estruturada, compat\u00edvel e num formato leg\u00edvel.&nbsp;<\/li>\n<\/ul>\n\n\n\n<p>Para qualquer pedido, o titular dever\u00e1 contactar a CORVOS E CADAVAIS atrav\u00e9s do email <a href=\"mailto:info@corvosecadavais.pt\" target=\"_blank\" rel=\"noreferrer noopener\">info@corvosecadavais.pt<\/a> ou presencialmente nas instala\u00e7\u00f5es da sede da CORVOS E CADAVAIS, Rua do Algarve, 7700-054 Almod\u00f4var. Tais pedidos ser\u00e3o tratados com a maior brevidade poss\u00edvel.&nbsp;<\/p>\n\n\n\n<h2 class=\"wp-block-heading\"><strong>Seguran\u00e7a<\/strong><\/h2>\n\n\n\n<p>A seguran\u00e7a da informa\u00e7\u00e3o \u00e9 importante para a CORVOS E CADAVAIS. Providenci\u00e1mos prote\u00e7\u00f5es f\u00edsicas, eletr\u00f3nicas e processuais de forma a proteger as informa\u00e7\u00f5es que processamos e mantemos.&nbsp;<\/p>\n\n\n\n<p>Por favor, esteja ciente de que, embora nos empenhemos em manter a seguran\u00e7a dos Dados que processamos e armazenamos, nenhum sistema de seguran\u00e7a pode evitar todas as poss\u00edveis <em>data<\/em> <em>breaches<\/em>.&nbsp;<\/p>\n\n\n\n<h2 class=\"wp-block-heading\"><strong>Altera\u00e7\u00e3o da Pol\u00edtica de Privacidade<\/strong>&nbsp;<\/h2>\n\n\n\n<p>A CORVOS E CADAVAIS reserva-se ao direito de alterar sua pol\u00edtica de privacidade. As altera\u00e7\u00f5es tornam-se efetivas uma vez publicadas no site. Ao continuar a usar este site, voc\u00ea concorda com as altera\u00e7\u00f5es.&nbsp;<\/p>\n\n\n\n<h2 class=\"wp-block-heading\"><strong>Entre em contacto&nbsp;<\/strong>&nbsp;<\/h2>\n\n\n\n<p>Se tiver alguma d\u00favida relativa aos Termos e Condi\u00e7\u00f5es de Privacidade ou tiver quest\u00f5es sobre as nossas pr\u00e1ticas, entre em contacto connosco atrav\u00e9s do email <a href=\"mailto:info@corvosecadavais.pt\" target=\"_blank\" rel=\"noreferrer noopener\">info@corvosecadavais.pt<\/a>\u00a0 ou presencialmente nas instala\u00e7\u00f5es da CORVOS E CADAVAIS, Rua do Algarve, 7700-054 Almod\u00f4var.\u00a0<\/p>","protected":false},"excerpt":{"rendered":"<p>A Dina Ven\u00e2ncio Unipessoal, Lda (CORVOS E CADAVAIS) est\u00e1 comprometida com a prote\u00e7\u00e3o dos dados pessoais que lhe s\u00e3o confiados.&nbsp; Por esse motivo, toda a informa\u00e7\u00e3o de natureza pessoal \u00e9 tratada e protegida com toda a dilig\u00eancia, e sempre de acordo com a legisla\u00e7\u00e3o aplic\u00e1vel em mat\u00e9ria de prote\u00e7\u00e3o de dados (Lei n. \u00ba 58\/ [&hellip;]<\/p>","protected":false},"author":1,"featured_media":0,"parent":0,"menu_order":0,"comment_status":"closed","ping_status":"open","template":"","meta":{"footnotes":""},"class_list":["post-3","page","type-page","status-publish","hentry"],"_links":{"self":[{"href":"https:\/\/corvosecadavais.pt\/en\/wp-json\/wp\/v2\/pages\/3","targetHints":{"allow":["GET"]}}],"collection":[{"href":"https:\/\/corvosecadavais.pt\/en\/wp-json\/wp\/v2\/pages"}],"about":[{"href":"https:\/\/corvosecadavais.pt\/en\/wp-json\/wp\/v2\/types\/page"}],"author":[{"embeddable":true,"href":"https:\/\/corvosecadavais.pt\/en\/wp-json\/wp\/v2\/users\/1"}],"replies":[{"embeddable":true,"href":"https:\/\/corvosecadavais.pt\/en\/wp-json\/wp\/v2\/comments?post=3"}],"version-history":[{"count":6,"href":"https:\/\/corvosecadavais.pt\/en\/wp-json\/wp\/v2\/pages\/3\/revisions"}],"predecessor-version":[{"id":355,"href":"https:\/\/corvosecadavais.pt\/en\/wp-json\/wp\/v2\/pages\/3\/revisions\/355"}],"wp:attachment":[{"href":"https:\/\/corvosecadavais.pt\/en\/wp-json\/wp\/v2\/media?parent=3"}],"curies":[{"name":"wp","href":"https:\/\/api.w.org\/{rel}","templated":true}]}}